{"id":9349,"date":"2021-07-28T16:38:56","date_gmt":"2021-07-28T16:38:56","guid":{"rendered":"http:\/\/www.swaytheme.com\/?page_id=9054"},"modified":"2025-02-11T20:06:03","modified_gmt":"2025-02-11T17:06:03","slug":"kariyer","status":"publish","type":"page","link":"https:\/\/markmultimodal.com.ua\/tr\/kariyer\/","title":{"rendered":"Kariyer"},"content":{"rendered":"<section class=\"wpb-content-wrapper\"><p>[vc_row full_width=&#8221;stretch_row&#8221; content_placement=&#8221;middle&#8221; kd_background_overlay=&#8221;default&#8221; kd_background_image_position=&#8221;vc_row-bg-position-top&#8221; css=&#8221;.vc_custom_1686728378830{padding-top: 20px !important;background-position: center !important;background-repeat: no-repeat !important;background-size: cover !important;}&#8221; css_mobile=&#8221;.vc_custom_1686728378832{padding-top: 10px !important;}&#8221; css_tablet_portrait=&#8221;.vc_custom_1686728378831{padding-top: 10px !important;}&#8221; css_tablet_landscape=&#8221;.vc_custom_1686728378830{padding-top: 20px !important;}&#8221;][vc_column][vc_row_inner kd_background_overlay=&#8221;default&#8221; kd_background_image_position=&#8221;vc_row-bg-position-top&#8221;][vc_column_inner width=&#8221;5\/12&#8243; css=&#8221;.vc_custom_1649249808333{margin-left: 0px !important;padding-top: 120px !important;padding-right: 0px !important;padding-left: 0px !important;}&#8221; css_mobile=&#8221;.vc_custom_1649249808333{padding-top: 0px !important;}&#8221; offset=&#8221;vc_col-lg-5&#8243; css_tablet_portrait=&#8221;.vc_custom_1649249808333{padding-top: 100px !important;}&#8221; css_tablet_landscape=&#8221;.vc_custom_1649249808333{padding-top: 50px !important;}&#8221;]<header class=\"kd-section-title col-lg-12 text-left  vc_custom_1686761552748 kd-animated fadeIn\" data-animation-delay=200><h1 class=\"kd-main-title separator_off\" style=\"font-size: 70px;line-height: 80px;\"><span class=\"highlight-underline highlight-secondary-font\" >Kariyerin i\u00e7in yeni bir rota<span class=\"underline-bar\" style=\"background: linear-gradient(90deg, #75e8f0 0%, transparent 100%);bottom: 9px;height: 18px;\"><\/span><\/span><\/h1><h6 class=\"subtitle\" style=\"font-size:16px;\">Kariyerinde yeni bir sayfa a\u00e7mak, enerjin ve hedeflerinle bize katk\u0131 sa\u011flamak istiyorsan a\u00e7\u0131k pozisyondaki ilanlar\u0131m\u0131za ba\u015fvurabilirsin.<\/p>\n<p>Dilersen ihtiyac\u0131m\u0131z oldu\u011funda seninle ileti\u015fime ge\u00e7ebilmemiz i\u00e7in Genel Ba\u015fvuru yaparak \u00f6z ge\u00e7mi\u015fini sistemimize kaydedebilirsin.<\/h6><\/header><a href=\"#second-section\"    class=\"tt_button tt_primary_button btn_primary_color hover_solid_secondary btn-align-left button-scroll-to-section btn-smooth-scroll   vc_custom_1686728405341 kd-animated zoomIn\" data-text=\"A\u00e7\u0131k Pozisyonlar\u0131 \u0130ncele\" data-animation-delay=200><span class=\"prim_text\">A\u00e7\u0131k Pozisyonlar\u0131 \u0130ncele<\/span><\/a>[\/vc_column_inner][vc_column_inner width=&#8221;7\/12&#8243; css=&#8221;.vc_custom_1649250059711{padding-right: 0px !important;padding-left: 0px !important;}&#8221; offset=&#8221;vc_col-lg-7&#8243; css_mobile=&#8221;.vc_custom_1649250059712{padding-right: 170px !important;}&#8221;][vc_single_image source=&#8221;external_link&#8221; external_img_size=&#8221;full&#8221; alignment=&#8221;right&#8221; css_animation=&#8221;fadeIn&#8221; custom_src=&#8221;https:\/\/www.vivatheme.com\/wp-content\/uploads\/sites\/2\/2022\/04\/careers-intro.jpg&#8221; css=&#8221;.vc_custom_1649934888288{margin-right: -170px !important;}&#8221;][\/vc_column_inner][\/vc_row_inner][\/vc_column][\/vc_row][vc_row full_width=&#8221;stretch_row&#8221; kd_background_overlay=&#8221;default&#8221; kd_background_image_position=&#8221;vc_row-bg-position-top&#8221; css=&#8221;.vc_custom_1627491615189{padding-top: 40px !important;}&#8221; el_id=&#8221;first-section&#8221;][vc_column css=&#8221;.vc_custom_1516008233239{padding-right: 0px !important;padding-left: 0px !important;}&#8221;]<div class=\"kd-calltoaction\" >\n                <div class=\"container\">\n                  <div class=\"cta-text-container kd-animated fadeIn\" data-animation-delay=\"200\"><div class=\"cta-text\"><h2 >\u00c7al\u0131\u015fma arkada\u015flar\u0131m\u0131za neler sunuyoruz?<\/h2><p >Ki\u015fisel geli\u015fimin, kurumsal geli\u015fim ve b\u00fcy\u00fcmenin temel ta\u015f\u0131 oldu\u011fu yakla\u015f\u0131m\u0131yla, \u00e7al\u0131\u015fma arkada\u015flar\u0131m\u0131za her anlamda yat\u0131r\u0131m yapmaya \u00f6zen g\u00f6steriyoruz.<\/p><\/div>\n                    <\/div>\n                    <div class=\"cta-btncontainer\"><a href=\"#\" target=\"_self\" class=\"tt_button btn_secondary_color tt_secondary_button reverse_gradient button-action-link  kd-animated zoomIn\" data-text=\"\" data-animation-delay=\"200\"><\/a><\/div>\n                <\/div>\n            <\/div>[vc_row_inner kd_background_overlay=&#8221;default&#8221; kd_background_image_position=&#8221;vc_row-bg-position-top&#8221; css=&#8221;.vc_custom_1649934640527{padding-bottom: 25px !important;}&#8221; css_tablet_portrait=&#8221;.vc_custom_1649934640527{padding-bottom: 0px !important;}&#8221; css_mobile=&#8221;.vc_custom_1649934640527{padding-bottom: 0px !important;}&#8221; css_tablet_landscape=&#8221;.vc_custom_1649934640527{padding-bottom: 0px !important;}&#8221;][vc_column_inner width=&#8221;1\/3&#8243;]<div class=\"key-icon-box icon-default icon-left cont-left ib-hover-3  icon-left-bg-transparent   kd-animated fadeInUp\" style=\"background-color: #f7f7f7;\" ><div class=\"ib-wrapper\" style=\"padding-top:45px;padding-bottom:45px;padding-left:35px;padding-right:35px;\"><i class=\"iconsmind-Laptop-3 iconsmind-Desktop-apps\" style=\"font-size: 40px;font-weight: 400;\"><\/i> <h4 class=\"service-heading\" >Uzaktan \u00c7al\u0131\u015fma<\/h4><p style=\"font-size: 17px;\">Dileyen arkada\u015flar\u0131m\u0131z ay\u0131n iki g\u00fcn\u00fc diledi\u011fi yerden \u00e7al\u0131\u015fabiliyor.<\/p><\/div><\/div>[\/vc_column_inner][vc_column_inner width=&#8221;1\/3&#8243;]<div class=\"key-icon-box icon-default icon-left cont-left ib-hover-3  icon-left-bg-transparent   kd-animated fadeInUp\" style=\"background-color: #f7f7f7;\" data-animation-delay=200><div class=\"ib-wrapper\" style=\"padding-top:45px;padding-bottom:45px;padding-left:35px;padding-right:35px;\"><i class=\"iconsmind-Hipster-Sunglasses3 iconsmind-Hipster-Style\" style=\"font-size: 40px;font-weight: 400;\"><\/i> <h4 class=\"service-heading\" >Bilgi Aktar\u0131m\u0131<\/h4><p style=\"font-size: 17px;\">Deneyimli ekibimiz, t\u00fcm bilgi ve birikimlerini memnuniyetle payla\u015f\u0131yor.<\/p><\/div><\/div>[\/vc_column_inner][vc_column_inner width=&#8221;1\/3&#8243;]<div class=\"key-icon-box icon-default icon-left cont-left ib-hover-3  icon-left-bg-transparent   kd-animated fadeInUp\" style=\"background-color: #f7f7f7;\" data-animation-delay=400><div class=\"ib-wrapper\" style=\"padding-top:45px;padding-bottom:45px;padding-left:35px;padding-right:35px;\"><i class=\"iconsmind-Clock-Forward iconsmind-Time\" style=\"font-size: 40px;font-weight: 400;\"><\/i> <h4 class=\"service-heading\" >Esnek \u00c7al\u0131\u015fma Saatleri<\/h4><p style=\"font-size: 17px;\">\u00c7al\u0131\u015fma arkada\u015flar\u0131m\u0131z mesai saati aral\u0131\u011f\u0131n\u0131 kendisi belirleyebiliyor.<\/p><\/div><\/div>[\/vc_column_inner][\/vc_row_inner][vc_row_inner kd_background_overlay=&#8221;default&#8221; kd_background_image_position=&#8221;vc_row-bg-position-top&#8221; css=&#8221;.vc_custom_1631201193384{padding-bottom: 100px !important;}&#8221; css_tablet_portrait=&#8221;.vc_custom_1631201193385{padding-bottom: 70px !important;}&#8221; css_mobile=&#8221;.vc_custom_1631201193385{padding-bottom: 70px !important;}&#8221;][vc_column_inner width=&#8221;1\/3&#8243;]<div class=\"key-icon-box icon-default icon-left cont-left ib-hover-3  icon-left-bg-transparent   kd-animated fadeInUp\" style=\"background-color: #f7f7f7;\" ><div class=\"ib-wrapper\" style=\"padding-top:45px;padding-bottom:45px;padding-left:35px;padding-right:35px;\"><i class=\"iconsmind-Funky iconsmind-Hipster-Style\" style=\"font-size: 40px;font-weight: 400;\"><\/i> <h4 class=\"service-heading\" >E\u011flenceli Etkinlikler<\/h4><p style=\"font-size: 17px;\">\u00c7al\u0131\u015fma arkada\u015flar\u0131m\u0131za \u015firket i\u00e7inde ve d\u0131\u015f\u0131nda keyifli etkinlikler yap\u0131yoruz.<\/p><\/div><\/div>[\/vc_column_inner][vc_column_inner width=&#8221;1\/3&#8243;]<div class=\"key-icon-box icon-default icon-left cont-left ib-hover-3  icon-left-bg-transparent   kd-animated fadeInUp\" style=\"background-color: #f7f7f7;\" data-animation-delay=200><div class=\"ib-wrapper\" style=\"padding-top:45px;padding-bottom:45px;padding-left:35px;padding-right:35px;\"><i class=\"iconsmind-Line-Chart iconsmind-Business-Finance\" style=\"font-size: 40px;font-weight: 400;\"><\/i> <h4 class=\"service-heading\" >Kariyer Geli\u015fimi<\/h4><p style=\"font-size: 17px;\">Ki\u015fisel geli\u015fim i\u00e7in sekt\u00f6rel e\u011fitimlere kat\u0131l\u0131m\u0131 destekliyoruz.<\/p><\/div><\/div>[\/vc_column_inner][vc_column_inner width=&#8221;1\/3&#8243;]<div class=\"key-icon-box icon-default icon-left cont-left ib-hover-3  icon-left-bg-transparent   kd-animated fadeInUp\" style=\"background-color: #f7f7f7;\" data-animation-delay=400><div class=\"ib-wrapper\" style=\"padding-top:45px;padding-bottom:45px;padding-left:35px;padding-right:35px;\"><i class=\"iconsmind-People-onCloud iconsmind-Cloud-Class\" style=\"font-size: 40px;font-weight: 400;\"><\/i> <h4 class=\"service-heading\" >Harika \u00c7al\u0131\u015fma Ortam\u0131<\/h4><p style=\"font-size: 17px;\">Rahat ve e\u011flenceli bir \u00e7al\u0131\u015fma ortam\u0131 ba\u015far\u0131m\u0131zda \u00f6nemli rol oynuyor.<\/p><\/div><\/div>[\/vc_column_inner][\/vc_row_inner][\/vc_column][\/vc_row][vc_row full_width=&#8221;stretch_row&#8221; kd_background_overlay=&#8221;gray-color&#8221; kd_background_image_position=&#8221;vc_row-bg-position-top&#8221; css=&#8221;.vc_custom_1649934400949{padding-top: 100px !important;padding-bottom: 100px !important;}&#8221; el_id=&#8221;second-section&#8221;][vc_column css=&#8221;.vc_custom_1597665991208{padding-right: 0px !important;padding-left: 0px !important;}&#8221;]<header class=\"kd-section-title col-lg-12 text-center  vc_custom_1686728228909 kd-animated fadeIn\" data-animation-delay=200><h2 class=\"kd-main-title separator_off\" style=\"font-size: 42px;\">A\u00e7\u0131k <span class=\"highlight-underline\" >pozisyonlar<span class=\"underline-bar\" style=\"background: linear-gradient(90deg, #75e8f0 0%, transparent 100%);\"><\/span><\/span><\/h2><h6 class=\"subtitle\" >Size uygun pozisyona ba\u015fvuru ger\u00e7ekle\u015ftirebilirsiniz. Dilerseniz genel ba\u015fvuru da yapabilirsiniz.<\/h6><\/header>[vc_row_inner kd_background_overlay=&#8221;default&#8221; kd_background_image_position=&#8221;vc_row-bg-position-top&#8221;][vc_column_inner width=&#8221;1\/3&#8243; css_tablet_portrait=&#8221;.vc_custom_1598606048566{padding-right: 10px !important;padding-left: 10px !important;}&#8221;]<div class=\"key-icon-box icon-default  cont-left ib-hover-1 with-border     kd-animated fadeInUp\" style=\"background-color: #ffffff;\" ><div class=\"ib-wrapper\" style=\"padding-top:50px;padding-bottom:50px;padding-left:50px;padding-right:50px;\"><h3 class=\"service-heading\" >Operasyon Uzman\u0131<\/h3><div><p >Buraya ilan detaylar\u0131 gelecek.<\/p>\n<ul class=\"ib-list\">\n<li><i class=\"fas fa-check\"><\/i>Lokasyon: Odessa\/\u0421hornomorsk<\/li>\n<li><i class=\"fas fa-check\"><\/i>\u00c7al\u0131\u015fma T\u00fcr\u00fc: Tam Zamanl\u0131<\/li>\n<\/ul>\n<p><\/p><\/div><span class=\"ib-link \"><a href=\"#\" target=\"_self\" >Ba\u015fvur<\/a><\/span><\/div><\/div>[\/vc_column_inner][vc_column_inner width=&#8221;1\/3&#8243; css_tablet_portrait=&#8221;.vc_custom_1598606053781{padding-right: 10px !important;padding-left: 10px !important;}&#8221;]<div class=\"key-icon-box icon-default  cont-left ib-hover-1 with-border     kd-animated fadeInUp\" style=\"background-color: #ffffff;\" data-animation-delay=200><div class=\"ib-wrapper\" style=\"padding-top:50px;padding-bottom:50px;padding-left:50px;padding-right:50px;\"><h3 class=\"service-heading\" >Deniz yolu Hat Y\u00f6neticisi<\/h3><div><p >Buraya ilan detaylar\u0131 gelecek.<\/p>\n<ul class=\"ib-list\">\n<li><i class=\"fas fa-check\"><\/i>Lokasyon: Odessa\/\u0421hornomorsk<\/li>\n<li><i class=\"fas fa-check\"><\/i>\u00c7al\u0131\u015fma T\u00fcr\u00fc: Tam Zamanl\u0131<\/li>\n<\/ul>\n<p><\/p><\/div><span class=\"ib-link \"><a href=\"#\" target=\"_self\" >Ba\u015fvur<\/a><\/span><\/div><\/div>[\/vc_column_inner][vc_column_inner width=&#8221;1\/3&#8243; css_tablet_portrait=&#8221;.vc_custom_1598606059854{padding-right: 10px !important;padding-left: 10px !important;}&#8221;]<div class=\"key-icon-box icon-default  cont-left ib-hover-1 with-border     kd-animated fadeInUp\" style=\"background-color: #ffffff;\" data-animation-delay=400><div class=\"ib-wrapper\" style=\"padding-top:50px;padding-bottom:50px;padding-left:50px;padding-right:50px;\"><h3 class=\"service-heading\" >Genel Ba\u015fvuru<\/h3><div><p >Buraya ilan detaylar\u0131 gelecek.<\/p>\n<ul class=\"ib-list\">\n<li><i class=\"fas fa-check\"><\/i>Lokasyon: Odessa\/\u0421hornomorsk<\/li>\n<li><i class=\"fas fa-check\"><\/i>\u00c7al\u0131\u015fma T\u00fcr\u00fc: Tam Zamanl\u0131<\/li>\n<\/ul>\n<p><\/p><\/div><span class=\"ib-link \"><a href=\"#\" target=\"_self\" >Ba\u015fvur<\/a><\/span><\/div><\/div>[\/vc_column_inner][\/vc_row_inner][\/vc_column][\/vc_row]<\/p>\n<\/section>","protected":false},"excerpt":{"rendered":"<p>[vc_row full_width=&#8221;stretch_row&#8221; content_placement=&#8221;middle&#8221; kd_background_overlay=&#8221;default&#8221; kd_background_image_position=&#8221;vc_row-bg-position-top&#8221; css=&#8221;.vc_custom_1686728378830{padding-top: 20px !important;background-position: center !important;background-repeat: no-repeat !important;background-size: cover !important;}&#8221; css_mobile=&#8221;.vc_custom_1686728378832{padding-top: 10px !important;}&#8221; css_tablet_portrait=&#8221;.vc_custom_1686728378831{padding-top: 10px !important;}&#8221; [&hellip;]<\/p>\n","protected":false},"author":1,"featured_media":11074,"parent":0,"menu_order":0,"comment_status":"closed","ping_status":"closed","template":"","meta":{"footnotes":""},"class_list":["post-9349","page","type-page","status-publish","has-post-thumbnail","hentry"],"yoast_head":"<!-- This site is optimized with the Yoast SEO plugin v24.4 - https:\/\/yoast.com\/wordpress\/plugins\/seo\/ -->\n<title>Kariyer | Mark Multimodal Ukraine<\/title>\n<meta name=\"robots\" content=\"index, follow, max-snippet:-1, max-image-preview:large, max-video-preview:-1\" \/>\n<link rel=\"canonical\" href=\"https:\/\/markmultimodal.com.ua\/tr\/kariyer\/\" \/>\n<meta property=\"og:locale\" content=\"tr_TR\" \/>\n<meta property=\"og:type\" content=\"article\" \/>\n<meta property=\"og:title\" content=\"Kariyer | Mark Multimodal Ukraine\" \/>\n<meta property=\"og:description\" content=\"[vc_row full_width=&#8221;stretch_row&#8221; content_placement=&#8221;middle&#8221; kd_background_overlay=&#8221;default&#8221; kd_background_image_position=&#8221;vc_row-bg-position-top&#8221; css=&#8221;.vc_custom_1686728378830{padding-top: 20px !important;background-position: center !important;background-repeat: no-repeat !important;background-size: cover !important;}&#8221; css_mobile=&#8221;.vc_custom_1686728378832{padding-top: 10px !important;}&#8221; css_tablet_portrait=&#8221;.vc_custom_1686728378831{padding-top: 10px !important;}&#8221; [&hellip;]\" \/>\n<meta property=\"og:url\" content=\"https:\/\/markmultimodal.com.ua\/tr\/kariyer\/\" \/>\n<meta property=\"og:site_name\" content=\"Mark Multimodal Ukraine\" \/>\n<meta property=\"article:publisher\" content=\"https:\/\/www.facebook.com\/almarklogistics\/\" \/>\n<meta property=\"article:modified_time\" content=\"2025-02-11T17:06:03+00:00\" \/>\n<meta property=\"og:image\" content=\"https:\/\/markmultimodal.com.ua\/wp-content\/uploads\/2022\/04\/classic-bg-3.jpg\" \/>\n\t<meta property=\"og:image:width\" content=\"1919\" \/>\n\t<meta property=\"og:image:height\" content=\"749\" \/>\n\t<meta property=\"og:image:type\" content=\"image\/jpeg\" \/>\n<meta name=\"twitter:card\" content=\"summary_large_image\" \/>\n<meta name=\"twitter:label1\" content=\"Tahmini okuma s\u00fcresi\" \/>\n\t<meta name=\"twitter:data1\" content=\"9 dakika\" \/>\n<script type=\"application\/ld+json\" class=\"yoast-schema-graph\">{\"@context\":\"https:\/\/schema.org\",\"@graph\":[{\"@type\":\"WebPage\",\"@id\":\"https:\/\/markmultimodal.com.ua\/tr\/kariyer\/\",\"url\":\"https:\/\/markmultimodal.com.ua\/tr\/kariyer\/\",\"name\":\"Kariyer | Mark Multimodal Ukraine\",\"isPartOf\":{\"@id\":\"https:\/\/markmultimodal.com.ua\/tr\/#website\"},\"primaryImageOfPage\":{\"@id\":\"https:\/\/markmultimodal.com.ua\/tr\/kariyer\/#primaryimage\"},\"image\":{\"@id\":\"https:\/\/markmultimodal.com.ua\/tr\/kariyer\/#primaryimage\"},\"thumbnailUrl\":\"https:\/\/markmultimodal.com.ua\/wp-content\/uploads\/2022\/04\/classic-bg-3.jpg\",\"datePublished\":\"2021-07-28T16:38:56+00:00\",\"dateModified\":\"2025-02-11T17:06:03+00:00\",\"breadcrumb\":{\"@id\":\"https:\/\/markmultimodal.com.ua\/tr\/kariyer\/#breadcrumb\"},\"inLanguage\":\"tr\",\"potentialAction\":[{\"@type\":\"ReadAction\",\"target\":[\"https:\/\/markmultimodal.com.ua\/tr\/kariyer\/\"]}]},{\"@type\":\"ImageObject\",\"inLanguage\":\"tr\",\"@id\":\"https:\/\/markmultimodal.com.ua\/tr\/kariyer\/#primaryimage\",\"url\":\"https:\/\/markmultimodal.com.ua\/wp-content\/uploads\/2022\/04\/classic-bg-3.jpg\",\"contentUrl\":\"https:\/\/markmultimodal.com.ua\/wp-content\/uploads\/2022\/04\/classic-bg-3.jpg\",\"width\":1919,\"height\":749},{\"@type\":\"BreadcrumbList\",\"@id\":\"https:\/\/markmultimodal.com.ua\/tr\/kariyer\/#breadcrumb\",\"itemListElement\":[{\"@type\":\"ListItem\",\"position\":1,\"name\":\"Anasayfa\",\"item\":\"https:\/\/markmultimodal.com.ua\/\"},{\"@type\":\"ListItem\",\"position\":2,\"name\":\"Kariyer\"}]},{\"@type\":\"WebSite\",\"@id\":\"https:\/\/markmultimodal.com.ua\/tr\/#website\",\"url\":\"https:\/\/markmultimodal.com.ua\/tr\/\",\"name\":\"ALMARK Logistics\",\"description\":\"\",\"publisher\":{\"@id\":\"https:\/\/markmultimodal.com.ua\/tr\/#organization\"},\"potentialAction\":[{\"@type\":\"SearchAction\",\"target\":{\"@type\":\"EntryPoint\",\"urlTemplate\":\"https:\/\/markmultimodal.com.ua\/tr\/?s={search_term_string}\"},\"query-input\":{\"@type\":\"PropertyValueSpecification\",\"valueRequired\":true,\"valueName\":\"search_term_string\"}}],\"inLanguage\":\"tr\"},{\"@type\":\"Organization\",\"@id\":\"https:\/\/markmultimodal.com.ua\/tr\/#organization\",\"name\":\"ALMARK Logistics\",\"url\":\"https:\/\/markmultimodal.com.ua\/tr\/\",\"logo\":{\"@type\":\"ImageObject\",\"inLanguage\":\"tr\",\"@id\":\"https:\/\/markmultimodal.com.ua\/tr\/#\/schema\/logo\/image\/\",\"url\":\"https:\/\/markmultimodal.com.ua\/wp-content\/uploads\/2023\/06\/Almark-Logo.png\",\"contentUrl\":\"https:\/\/markmultimodal.com.ua\/wp-content\/uploads\/2023\/06\/Almark-Logo.png\",\"width\":350,\"height\":75,\"caption\":\"ALMARK Logistics\"},\"image\":{\"@id\":\"https:\/\/markmultimodal.com.ua\/tr\/#\/schema\/logo\/image\/\"},\"sameAs\":[\"https:\/\/www.facebook.com\/almarklogistics\/\",\"https:\/\/www.linkedin.com\/company\/almark-logistics\",\"https:\/\/www.instagram.com\/almarklogistics\/\"]}]}<\/script>\n<!-- \/ Yoast SEO plugin. -->","yoast_head_json":{"title":"Kariyer | Mark Multimodal Ukraine","robots":{"index":"index","follow":"follow","max-snippet":"max-snippet:-1","max-image-preview":"max-image-preview:large","max-video-preview":"max-video-preview:-1"},"canonical":"https:\/\/markmultimodal.com.ua\/tr\/kariyer\/","og_locale":"tr_TR","og_type":"article","og_title":"Kariyer | Mark Multimodal Ukraine","og_description":"[vc_row full_width=&#8221;stretch_row&#8221; content_placement=&#8221;middle&#8221; kd_background_overlay=&#8221;default&#8221; kd_background_image_position=&#8221;vc_row-bg-position-top&#8221; css=&#8221;.vc_custom_1686728378830{padding-top: 20px !important;background-position: center !important;background-repeat: no-repeat !important;background-size: cover !important;}&#8221; css_mobile=&#8221;.vc_custom_1686728378832{padding-top: 10px !important;}&#8221; css_tablet_portrait=&#8221;.vc_custom_1686728378831{padding-top: 10px !important;}&#8221; [&hellip;]","og_url":"https:\/\/markmultimodal.com.ua\/tr\/kariyer\/","og_site_name":"Mark Multimodal Ukraine","article_publisher":"https:\/\/www.facebook.com\/almarklogistics\/","article_modified_time":"2025-02-11T17:06:03+00:00","og_image":[{"width":1919,"height":749,"url":"https:\/\/markmultimodal.com.ua\/wp-content\/uploads\/2022\/04\/classic-bg-3.jpg","type":"image\/jpeg"}],"twitter_card":"summary_large_image","twitter_misc":{"Tahmini okuma s\u00fcresi":"9 dakika"},"schema":{"@context":"https:\/\/schema.org","@graph":[{"@type":"WebPage","@id":"https:\/\/markmultimodal.com.ua\/tr\/kariyer\/","url":"https:\/\/markmultimodal.com.ua\/tr\/kariyer\/","name":"Kariyer | Mark Multimodal Ukraine","isPartOf":{"@id":"https:\/\/markmultimodal.com.ua\/tr\/#website"},"primaryImageOfPage":{"@id":"https:\/\/markmultimodal.com.ua\/tr\/kariyer\/#primaryimage"},"image":{"@id":"https:\/\/markmultimodal.com.ua\/tr\/kariyer\/#primaryimage"},"thumbnailUrl":"https:\/\/markmultimodal.com.ua\/wp-content\/uploads\/2022\/04\/classic-bg-3.jpg","datePublished":"2021-07-28T16:38:56+00:00","dateModified":"2025-02-11T17:06:03+00:00","breadcrumb":{"@id":"https:\/\/markmultimodal.com.ua\/tr\/kariyer\/#breadcrumb"},"inLanguage":"tr","potentialAction":[{"@type":"ReadAction","target":["https:\/\/markmultimodal.com.ua\/tr\/kariyer\/"]}]},{"@type":"ImageObject","inLanguage":"tr","@id":"https:\/\/markmultimodal.com.ua\/tr\/kariyer\/#primaryimage","url":"https:\/\/markmultimodal.com.ua\/wp-content\/uploads\/2022\/04\/classic-bg-3.jpg","contentUrl":"https:\/\/markmultimodal.com.ua\/wp-content\/uploads\/2022\/04\/classic-bg-3.jpg","width":1919,"height":749},{"@type":"BreadcrumbList","@id":"https:\/\/markmultimodal.com.ua\/tr\/kariyer\/#breadcrumb","itemListElement":[{"@type":"ListItem","position":1,"name":"Anasayfa","item":"https:\/\/markmultimodal.com.ua\/"},{"@type":"ListItem","position":2,"name":"Kariyer"}]},{"@type":"WebSite","@id":"https:\/\/markmultimodal.com.ua\/tr\/#website","url":"https:\/\/markmultimodal.com.ua\/tr\/","name":"ALMARK Logistics","description":"","publisher":{"@id":"https:\/\/markmultimodal.com.ua\/tr\/#organization"},"potentialAction":[{"@type":"SearchAction","target":{"@type":"EntryPoint","urlTemplate":"https:\/\/markmultimodal.com.ua\/tr\/?s={search_term_string}"},"query-input":{"@type":"PropertyValueSpecification","valueRequired":true,"valueName":"search_term_string"}}],"inLanguage":"tr"},{"@type":"Organization","@id":"https:\/\/markmultimodal.com.ua\/tr\/#organization","name":"ALMARK Logistics","url":"https:\/\/markmultimodal.com.ua\/tr\/","logo":{"@type":"ImageObject","inLanguage":"tr","@id":"https:\/\/markmultimodal.com.ua\/tr\/#\/schema\/logo\/image\/","url":"https:\/\/markmultimodal.com.ua\/wp-content\/uploads\/2023\/06\/Almark-Logo.png","contentUrl":"https:\/\/markmultimodal.com.ua\/wp-content\/uploads\/2023\/06\/Almark-Logo.png","width":350,"height":75,"caption":"ALMARK Logistics"},"image":{"@id":"https:\/\/markmultimodal.com.ua\/tr\/#\/schema\/logo\/image\/"},"sameAs":["https:\/\/www.facebook.com\/almarklogistics\/","https:\/\/www.linkedin.com\/company\/almark-logistics","https:\/\/www.instagram.com\/almarklogistics\/"]}]}},"_links":{"self":[{"href":"https:\/\/markmultimodal.com.ua\/tr\/wp-json\/wp\/v2\/pages\/9349","targetHints":{"allow":["GET"]}}],"collection":[{"href":"https:\/\/markmultimodal.com.ua\/tr\/wp-json\/wp\/v2\/pages"}],"about":[{"href":"https:\/\/markmultimodal.com.ua\/tr\/wp-json\/wp\/v2\/types\/page"}],"author":[{"embeddable":true,"href":"https:\/\/markmultimodal.com.ua\/tr\/wp-json\/wp\/v2\/users\/1"}],"replies":[{"embeddable":true,"href":"https:\/\/markmultimodal.com.ua\/tr\/wp-json\/wp\/v2\/comments?post=9349"}],"version-history":[{"count":39,"href":"https:\/\/markmultimodal.com.ua\/tr\/wp-json\/wp\/v2\/pages\/9349\/revisions"}],"predecessor-version":[{"id":14779,"href":"https:\/\/markmultimodal.com.ua\/tr\/wp-json\/wp\/v2\/pages\/9349\/revisions\/14779"}],"wp:featuredmedia":[{"embeddable":true,"href":"https:\/\/markmultimodal.com.ua\/tr\/wp-json\/wp\/v2\/media\/11074"}],"wp:attachment":[{"href":"https:\/\/markmultimodal.com.ua\/tr\/wp-json\/wp\/v2\/media?parent=9349"}],"curies":[{"name":"wp","href":"https:\/\/api.w.org\/{rel}","templated":true}]}}